{"id":51,"date":"2021-08-24T17:04:45","date_gmt":"2021-08-24T17:04:45","guid":{"rendered":"http:\/\/mugellove.it\/test\/?page_id=51"},"modified":"2021-08-25T11:20:14","modified_gmt":"2021-08-25T11:20:14","slug":"treno-bici","status":"publish","type":"page","link":"http:\/\/mugellove.it\/test\/treno-bici\/","title":{"rendered":"treno + bici"},"content":{"rendered":"\t\t<div data-elementor-type=\"wp-page\" data-elementor-id=\"51\" class=\"elementor elementor-51\" data-elementor-settings=\"[]\">\n\t\t\t\t\t\t\t<div class=\"elementor-section-wrap\">\n\t\t\t\t\t\t\t<section class=\"elementor-section elementor-top-section elementor-element elementor-element-3d777d0a elementor-section-height-min-height elementor-section-content-middle animated-slow elementor-section-boxed elementor-section-height-default elementor-section-items-middle elementor-invisible\" data-id=\"3d777d0a\" data-element_type=\"section\" data-settings=\"{&quot;background_background&quot;:&quot;classic&quot;,&quot;animation&quot;:&quot;fadeIn&quot;,&quot;animation_delay&quot;:0,&quot;shape_divider_bottom&quot;:&quot;wave-brush&quot;}\">\n\t\t\t\t\t\t\t<div class=\"elementor-background-overlay\"><\/div>\n\t\t\t\t\t\t<div class=\"elementor-shape elementor-shape-bottom\" data-negative=\"false\">\n\t\t\t<svg xmlns=\"http:\/\/www.w3.org\/2000\/svg\" viewBox=\"0 0 283.5 27.8\" preserveAspectRatio=\"none\">\n\t<path class=\"elementor-shape-fill\" d=\"M283.5,9.7c0,0-7.3,4.3-14,4.6c-6.8,0.3-12.6,0-20.9-1.5c-11.3-2-33.1-10.1-44.7-5.7\ts-12.1,4.6-18,7.4c-6.6,3.2-20,9.6-36.6,9.3C131.6,23.5,99.5,7.2,86.3,8c-1.4,0.1-6.6,0.8-10.5,2c-3.8,1.2-9.4,3.8-17,4.7\tc-3.2,0.4-8.3,1.1-14.2,0.9c-1.5-0.1-6.3-0.4-12-1.6c-5.7-1.2-11-3.1-15.8-3.7C6.5,9.2,0,10.8,0,10.8V0h283.5V9.7z M260.8,11.3\tc-0.7-1-2-0.4-4.3-0.4c-2.3,0-6.1-1.2-5.8-1.1c0.3,0.1,3.1,1.5,6,1.9C259.7,12.2,261.4,12.3,260.8,11.3z M242.4,8.6\tc0,0-2.4-0.2-5.6-0.9c-3.2-0.8-10.3-2.8-15.1-3.5c-8.2-1.1-15.8,0-15.1,0.1c0.8,0.1,9.6-0.6,17.6,1.1c3.3,0.7,9.3,2.2,12.4,2.7\tC239.9,8.7,242.4,8.6,242.4,8.6z M185.2,8.5c1.7-0.7-13.3,4.7-18.5,6.1c-2.1,0.6-6.2,1.6-10,2c-3.9,0.4-8.9,0.4-8.8,0.5\tc0,0.2,5.8,0.8,11.2,0c5.4-0.8,5.2-1.1,7.6-1.6C170.5,14.7,183.5,9.2,185.2,8.5z M199.1,6.9c0.2,0-0.8-0.4-4.8,1.1\tc-4,1.5-6.7,3.5-6.9,3.7c-0.2,0.1,3.5-1.8,6.6-3C197,7.5,199,6.9,199.1,6.9z M283,6c-0.1,0.1-1.9,1.1-4.8,2.5s-6.9,2.8-6.7,2.7\tc0.2,0,3.5-0.6,7.4-2.5C282.8,6.8,283.1,5.9,283,6z M31.3,11.6c0.1-0.2-1.9-0.2-4.5-1.2s-5.4-1.6-7.8-2C15,7.6,7.3,8.5,7.7,8.6\tC8,8.7,15.9,8.3,20.2,9.3c2.2,0.5,2.4,0.5,5.7,1.6S31.2,11.9,31.3,11.6z M73,9.2c0.4-0.1,3.5-1.6,8.4-2.6c4.9-1.1,8.9-0.5,8.9-0.8\tc0-0.3-1-0.9-6.2-0.3S72.6,9.3,73,9.2z M71.6,6.7C71.8,6.8,75,5.4,77.3,5c2.3-0.3,1.9-0.5,1.9-0.6c0-0.1-1.1-0.2-2.7,0.2\tC74.8,5.1,71.4,6.6,71.6,6.7z M93.6,4.4c0.1,0.2,3.5,0.8,5.6,1.8c2.1,1,1.8,0.6,1.9,0.5c0.1-0.1-0.8-0.8-2.4-1.3\tC97.1,4.8,93.5,4.2,93.6,4.4z M65.4,11.1c-0.1,0.3,0.3,0.5,1.9-0.2s2.6-1.3,2.2-1.2s-0.9,0.4-2.5,0.8C65.3,10.9,65.5,10.8,65.4,11.1\tz M34.5,12.4c-0.2,0,2.1,0.8,3.3,0.9c1.2,0.1,2,0.1,2-0.2c0-0.3-0.1-0.5-1.6-0.4C36.6,12.8,34.7,12.4,34.5,12.4z M152.2,21.1\tc-0.1,0.1-2.4-0.3-7.5-0.3c-5,0-13.6-2.4-17.2-3.5c-3.6-1.1,10,3.9,16.5,4.1C150.5,21.6,152.3,21,152.2,21.1z\"\/>\n\t<path class=\"elementor-shape-fill\" d=\"M269.6,18c-0.1-0.1-4.6,0.3-7.2,0c-7.3-0.7-17-3.2-16.6-2.9c0.4,0.3,13.7,3.1,17,3.3\tC267.7,18.8,269.7,18,269.6,18z\"\/>\n\t<path class=\"elementor-shape-fill\" d=\"M227.4,9.8c-0.2-0.1-4.5-1-9.5-1.2c-5-0.2-12.7,0.6-12.3,0.5c0.3-0.1,5.9-1.8,13.3-1.2\tS227.6,9.9,227.4,9.8z\"\/>\n\t<path class=\"elementor-shape-fill\" d=\"M204.5,13.4c-0.1-0.1,2-1,3.2-1.1c1.2-0.1,2,0,2,0.3c0,0.3-0.1,0.5-1.6,0.4\tC206.4,12.9,204.6,13.5,204.5,13.4z\"\/>\n\t<path class=\"elementor-shape-fill\" d=\"M201,10.6c0-0.1-4.4,1.2-6.3,2.2c-1.9,0.9-6.2,3.1-6.1,3.1c0.1,0.1,4.2-1.6,6.3-2.6\tS201,10.7,201,10.6z\"\/>\n\t<path class=\"elementor-shape-fill\" d=\"M154.5,26.7c-0.1-0.1-4.6,0.3-7.2,0c-7.3-0.7-17-3.2-16.6-2.9c0.4,0.3,13.7,3.1,17,3.3\tC152.6,27.5,154.6,26.8,154.5,26.7z\"\/>\n\t<path class=\"elementor-shape-fill\" d=\"M41.9,19.3c0,0,1.2-0.3,2.9-0.1c1.7,0.2,5.8,0.9,8.2,0.7c4.2-0.4,7.4-2.7,7-2.6\tc-0.4,0-4.3,2.2-8.6,1.9c-1.8-0.1-5.1-0.5-6.7-0.4S41.9,19.3,41.9,19.3z\"\/>\n\t<path class=\"elementor-shape-fill\" d=\"M75.5,12.6c0.2,0.1,2-0.8,4.3-1.1c2.3-0.2,2.1-0.3,2.1-0.5c0-0.1-1.8-0.4-3.4,0\tC76.9,11.5,75.3,12.5,75.5,12.6z\"\/>\n\t<path class=\"elementor-shape-fill\" d=\"M15.6,13.2c0-0.1,4.3,0,6.7,0.5c2.4,0.5,5,1.9,5,2c0,0.1-2.7-0.8-5.1-1.4\tC19.9,13.7,15.7,13.3,15.6,13.2z\"\/>\n<\/svg>\t\t<\/div>\n\t\t\t\t\t<div class=\"elementor-container elementor-column-gap-no\">\n\t\t\t\t\t<div class=\"elementor-column elementor-col-100 elementor-top-column elementor-element elementor-element-41cfc6b5\" data-id=\"41cfc6b5\" data-element_type=\"column\">\n\t\t\t<div class=\"elementor-widget-wrap elementor-element-populated\">\n\t\t\t\t\t\t\t\t<div class=\"elementor-element elementor-element-221d01ab elementor-headline--style-rotate elementor-widget elementor-widget-animated-headline\" data-id=\"221d01ab\" data-element_type=\"widget\" data-settings=\"{&quot;headline_style&quot;:&quot;rotate&quot;,&quot;animation_type&quot;:&quot;drop-in&quot;,&quot;rotating_text&quot;:&quot;treno + bici&quot;,&quot;rotate_iteration_delay&quot;:2498,&quot;loop&quot;:&quot;yes&quot;}\" data-widget_type=\"animated-headline.default\">\n\t\t\t\t<div class=\"elementor-widget-container\">\n\t\t\t\t\t<h2 class=\"elementor-headline elementor-headline-animation-type-drop-in\">\n\t\t\t\t<span class=\"elementor-headline-dynamic-wrapper elementor-headline-text-wrapper\">\n\t\t\t\t\t<span class=\"elementor-headline-dynamic-text elementor-headline-text-active\">\n\t\t\t\ttreno&nbsp;+&nbsp;bici\t\t\t<\/span>\n\t\t\t\t\t\t<\/span>\n\t\t\t\t<\/h2>\n\t\t\t\t<\/div>\n\t\t\t\t<\/div>\n\t\t\t\t\t<\/div>\n\t\t<\/div>\n\t\t\t\t\t\t\t<\/div>\n\t\t<\/section>\n\t\t\t\t<section class=\"elementor-section elementor-top-section elementor-element elementor-element-44ef6f85 elementor-reverse-mobile elementor-section-boxed elementor-section-height-default elementor-section-height-default\" data-id=\"44ef6f85\" data-element_type=\"section\">\n\t\t\t\t\t\t<div class=\"elementor-container elementor-column-gap-default\">\n\t\t\t\t\t<div class=\"elementor-column elementor-col-50 elementor-top-column elementor-element elementor-element-71e82c87\" data-id=\"71e82c87\" data-element_type=\"column\">\n\t\t\t<div class=\"elementor-widget-wrap elementor-element-populated\">\n\t\t\t\t\t\t\t\t<div class=\"elementor-element elementor-element-4aaa4040 elementor-widget elementor-widget-image\" data-id=\"4aaa4040\" data-element_type=\"widget\" data-widget_type=\"image.default\">\n\t\t\t\t<div class=\"elementor-widget-container\">\n\t\t\t\t\t\t\t\t\t\t\t\t\t\t\t<img loading=\"lazy\" decoding=\"async\" width=\"800\" height=\"175\" src=\"http:\/\/mugellove.it\/test\/wp-content\/uploads\/2021\/08\/MOBILITYLABEL2017-01-1024x224.jpg\" class=\"attachment-large size-large\" alt=\"\" \/>\t\t\t\t\t\t\t\t\t\t\t\t\t\t\t<\/div>\n\t\t\t\t<\/div>\n\t\t\t\t<div class=\"elementor-element elementor-element-6d9bbaef elementor-widget elementor-widget-text-editor\" data-id=\"6d9bbaef\" data-element_type=\"widget\" data-widget_type=\"text-editor.default\">\n\t\t\t\t<div class=\"elementor-widget-container\">\n\t\t\t\t\t\t\t<p>Dal centro citt\u00e0 alla montagna, in un viaggio eco-friendly, prima il treno poi la bici ci accompagnano lungo il percorso. Il treno ci permette di uscire dal centro citt\u00e0 in modo ecologico e sicuro, superando il traffico cittadino, cos\u00ec si raggiunge la campagna toscana senza percorrere strade pericolose per i ciclisti. Mugellove mette a disposizione le bici per esplorare la zona collinare del Mugello, fino ai piedi dell\u2019Appennino, collegando cos\u00ec la citt\u00e0 alla montagna in un viaggio ecologico e virtuoso.<\/p>\t\t\t\t\t\t<\/div>\n\t\t\t\t<\/div>\n\t\t\t\t<div class=\"elementor-element elementor-element-786b189d elementor-widget elementor-widget-text-editor\" data-id=\"786b189d\" data-element_type=\"widget\" data-widget_type=\"text-editor.default\">\n\t\t\t\t<div class=\"elementor-widget-container\">\n\t\t\t\t\t\t\t<p style=\"caret-color: rgb(129, 129, 129); color: rgb(129, 129, 129); font-family: Dosis, sans-serif; font-size: 18px;\"><em>Consultare l\u2019orario dei treni.<\/em><\/p><p style=\"caret-color: rgb(129, 129, 129); color: rgb(129, 129, 129); font-family: Dosis, sans-serif; font-size: 18px;\"><em>L\u2019orario di partenza e arrivo del tour verr\u00e0 concordato al momento della prenotazione.<\/em><\/p><p style=\"caret-color: rgb(129, 129, 129); color: rgb(129, 129, 129); font-family: Dosis, sans-serif; font-size: 18px;\"><em>Alla stazione di Vicchio incontrerai la guida di Mugellove che ti fornir\u00e0 le bici e gli accessori.<\/em><\/p>\t\t\t\t\t\t<\/div>\n\t\t\t\t<\/div>\n\t\t\t\t<div class=\"elementor-element elementor-element-8bb45c5 elementor-widget elementor-widget-image\" data-id=\"8bb45c5\" data-element_type=\"widget\" data-widget_type=\"image.default\">\n\t\t\t\t<div class=\"elementor-widget-container\">\n\t\t\t\t\t\t\t\t\t\t\t\t\t\t\t<img loading=\"lazy\" decoding=\"async\" width=\"800\" height=\"534\" src=\"http:\/\/mugellove.it\/test\/wp-content\/uploads\/2021\/08\/3-1-1024x683.jpg\" class=\"attachment-large size-large\" alt=\"\" \/>\t\t\t\t\t\t\t\t\t\t\t\t\t\t\t<\/div>\n\t\t\t\t<\/div>\n\t\t\t\t\t<\/div>\n\t\t<\/div>\n\t\t\t\t<div class=\"elementor-column elementor-col-50 elementor-top-column elementor-element elementor-element-6d9553cf\" data-id=\"6d9553cf\" data-element_type=\"column\">\n\t\t\t<div class=\"elementor-widget-wrap elementor-element-populated\">\n\t\t\t\t\t\t\t\t<div class=\"elementor-element elementor-element-1bef827d elementor-widget-divider--view-line_icon elementor-view-default elementor-widget-divider--element-align-center elementor-widget elementor-widget-divider\" data-id=\"1bef827d\" data-element_type=\"widget\" data-widget_type=\"divider.default\">\n\t\t\t\t<div class=\"elementor-widget-container\">\n\t\t\t\t\t<div class=\"elementor-divider\">\n\t\t\t<span class=\"elementor-divider-separator\">\n\t\t\t\t\t\t\t<div class=\"elementor-icon elementor-divider__element\">\n\t\t\t\t\t<i aria-hidden=\"true\" class=\"fas fa-train\"><\/i><\/div>\n\t\t\t\t\t\t<\/span>\n\t\t<\/div>\n\t\t\t\t<\/div>\n\t\t\t\t<\/div>\n\t\t\t\t<div class=\"elementor-element elementor-element-32ae3f56 elementor-widget-divider--view-line_icon elementor-view-default elementor-widget-divider--element-align-center elementor-widget elementor-widget-divider\" data-id=\"32ae3f56\" data-element_type=\"widget\" data-widget_type=\"divider.default\">\n\t\t\t\t<div class=\"elementor-widget-container\">\n\t\t\t\t\t<div class=\"elementor-divider\">\n\t\t\t<span class=\"elementor-divider-separator\">\n\t\t\t\t\t\t\t<div class=\"elementor-icon elementor-divider__element\">\n\t\t\t\t\t<i aria-hidden=\"true\" class=\"fas fa-biking\"><\/i><\/div>\n\t\t\t\t\t\t<\/span>\n\t\t<\/div>\n\t\t\t\t<\/div>\n\t\t\t\t<\/div>\n\t\t\t\t<div class=\"elementor-element elementor-element-12146b15 elementor-widget elementor-widget-text-editor\" data-id=\"12146b15\" data-element_type=\"widget\" data-widget_type=\"text-editor.default\">\n\t\t\t\t<div class=\"elementor-widget-container\">\n\t\t\t\t\t\t\t<h5><strong>TRENO +BIKE<\/strong><\/h5><h6><strong>Livello di difficolt\u00e0:\u00a0<a href=\"http:\/\/mugellove.it\/livelli-di-difficolta\/\">MEDIO<\/a><\/strong><\/h6><h6><strong>Distanza:\u00a0<\/strong>18 Km<\/h6><h6><strong>Dislivello in salita:<\/strong>\u00a0440 m<\/h6><h6><strong>Terreno:\u00a0\u00a0<\/strong>strada asfaltata, strada bianca<\/h6><h6><strong>Durata: <\/strong>\u00a05 ore<\/h6><h6><strong>Luogo di ritrovo:\u00a0<\/strong>Vicchio (FI),\u00a0Stazione treni<\/h6><p>\u00a0<\/p>\t\t\t\t\t\t<\/div>\n\t\t\t\t<\/div>\n\t\t\t\t<div class=\"elementor-element elementor-element-7c9d7783 elementor-widget elementor-widget-text-editor\" data-id=\"7c9d7783\" data-element_type=\"widget\" data-widget_type=\"text-editor.default\">\n\t\t\t\t<div class=\"elementor-widget-container\">\n\t\t\t\t\t\t\t<p class=\"Standard\"><strong>TRENO:\u00a0\u00a0Firenze \u2013 Vicchio<\/strong><\/p><p class=\"Standard\">Si parte dalla stazione ferroviaria di Firenze S.M.Novella, e dopo pochi minuti il treno regionale ci introduce nella campagna fiorentina, si incontrano i primi alberi di olivo, le vigne. Il fiume Arno e poi il fiume Sieve si mostrano ora a destra, ora a sinistra, a incrociare il nostro percorso.<br \/>Lasciate alle spalle le vigne del Chianti Rufina, si apre davanti a noi la valle del fiume Sieve, i terreni di solito adibiti alle coltivazioni di grano, granturco, girasoli sono pi\u00f9 estesi, alcune mucche al pascolo, si avvistano i primi contrafforti della catena appenninica. Siamo ora nel Mugello, terra che ha dato le origini alla famiglia dei Medici, ad artisti come Giotto e Beato Angelico, da sempre \u201cgiardino e paradiso\u201d della Toscana.<br \/>Si scende alla stazione di Vicchio e bastano pochi passi perch\u00e9 la catena montuosa degli Appennini si presenti davanti a noi.<\/p><p class=\"Standard\">Il treno ha accorciato la distanza dalla citt\u00e0 e mostrato la montagna, la bici ci porter\u00e0 cos\u00ec vicino da toccarla, ce la far\u00e0 esplorare e vivere.<\/p>\t\t\t\t\t\t<\/div>\n\t\t\t\t<\/div>\n\t\t\t\t\t<\/div>\n\t\t<\/div>\n\t\t\t\t\t\t\t<\/div>\n\t\t<\/section>\n\t\t\t\t<section class=\"elementor-section elementor-top-section elementor-element elementor-element-67446e5a elementor-section-boxed elementor-section-height-default elementor-section-height-default\" data-id=\"67446e5a\" data-element_type=\"section\">\n\t\t\t\t\t\t<div class=\"elementor-container elementor-column-gap-default\">\n\t\t\t\t\t<div class=\"elementor-column elementor-col-100 elementor-top-column elementor-element elementor-element-2c2a3ddf\" data-id=\"2c2a3ddf\" data-element_type=\"column\">\n\t\t\t<div class=\"elementor-widget-wrap elementor-element-populated\">\n\t\t\t\t\t\t\t\t<section class=\"elementor-section elementor-inner-section elementor-element elementor-element-2d3be345 elementor-section-boxed elementor-section-height-default elementor-section-height-default\" data-id=\"2d3be345\" data-element_type=\"section\">\n\t\t\t\t\t\t<div class=\"elementor-container elementor-column-gap-default\">\n\t\t\t\t\t<div class=\"elementor-column elementor-col-50 elementor-inner-column elementor-element elementor-element-349b835d\" data-id=\"349b835d\" data-element_type=\"column\">\n\t\t\t<div class=\"elementor-widget-wrap elementor-element-populated\">\n\t\t\t\t\t\t\t\t<div class=\"elementor-element elementor-element-526232b4 elementor-widget elementor-widget-heading\" data-id=\"526232b4\" data-element_type=\"widget\" data-widget_type=\"heading.default\">\n\t\t\t\t<div class=\"elementor-widget-container\">\n\t\t\t<h1 class=\"elementor-heading-title elementor-size-default\">BICI: Vicchio-Ronta\n\nL\u2019itinerario in bici parte da Vicchio, unendo idealmente la citt\u00e0 di Firenze al piccolo paese di origine medievale, dove \u00e8 nato Giotto. Le opere dell\u2019artista vissuto a Firenze, sono caratterizzate dai paesaggi naturali, \u00e8 ormai riconosciuto che egli rappresenta nelle sue opere la campagna toscana, e visitando il Mugello, la sua terra natale, conosceremo i luoghi e le immagini che l\u2019artista si \u00e8 portato dentro, sin da bambino, e che lo hanno inevitabilmente ispirato nella creazione dei suoi dipinti. Scopriremo le origini del paesaggio toscano, famoso in tutto il mondo.\nIl percorso si snoda su trade secondarie lontane dal traffico e attraversa un\u2019area rurale, dove campi coltivati, vigne e alberi d\u2019olivo, formano una scacchiera colorata, punteggiata da case coloniche, ville signorili, chiese romaniche.\nLa bicicletta \u00e8 il mezzo ideale per vivere un\u2019esperienza autentica. Possiamo fermarci davanti alla facciata della Pieve Romanica di San Cassiano in Padule, visitare una fattoria che produce zafferano e miele, vedere alcune vigne.\nAllontanandosi dalla valle del fiume Sieve la strada inizia a salire, mostrandoci sempre pi\u00f9 da vicino le montagne degli Appennini, il paesaggio diventa montano, e i dolci saliscendi della strada sterrata ci accompagnano attraverso boschi di querce e coltivazioni di castagno da frutto.<br><br>\n\n\n\nL\u2019escursione termina nel paese di Ronta, dove i viaggiatori possono riconsegnare le biciclette e riprendere il treno per Firenze.\n<br><br>\n\n\nAvrai a disposizione mountain bike con cambio 21 velocit\u00e0, casco, luci, bottiglia d\u2019acqua.<br><br>\n\nAssistenza lungo il percorso.<br><br>\n\nTraccia GPS dell\u2019itinerario.<br><br>\n\nSu richiesta servizio di Guida Ambientale.<\/h1>\t\t<\/div>\n\t\t\t\t<\/div>\n\t\t\t\t\t<\/div>\n\t\t<\/div>\n\t\t\t\t<div class=\"elementor-column elementor-col-50 elementor-inner-column elementor-element elementor-element-d94622\" data-id=\"d94622\" data-element_type=\"column\">\n\t\t\t<div class=\"elementor-widget-wrap elementor-element-populated\">\n\t\t\t\t\t\t\t\t<div class=\"elementor-element elementor-element-33bc6873 elementor-widget elementor-widget-heading\" data-id=\"33bc6873\" data-element_type=\"widget\" data-widget_type=\"heading.default\">\n\t\t\t\t<div class=\"elementor-widget-container\">\n\t\t\t<h1 class=\"elementor-heading-title elementor-size-default\">La bicicletta \u00e8 il mezzo ideale per vivere un\u2019esperienza autentica. Possiamo fermarci davanti alla facciata della Pieve Romanica di San Cassiano in Padule, visitare una fattoria che produce zafferano e miele, vedere alcune vigne.\nAllontanandosi dalla valle del fiume Sieve la strada inizia a salire, mostrandoci sempre pi\u00f9 da vicino le montagne degli Appennini, il paesaggio diventa montano, e i dolci saliscendi della strada sterrata ci accompagnano attraverso boschi di querce e coltivazioni di castagno da frutto.\n\nL\u2019escursione termina nel paese di Ronta, dove i viaggiatori possono riconsegnare le biciclette e riprendere il treno per Firenze.\n\nAvrai a disposizione mountain bike con cambio 21 velocit\u00e0, casco, luci, bottiglia d\u2019acqua.\n\nAssistenza lungo il percorso.\n\nTraccia GPS dell\u2019itinerario.\n\nSu richiesta servizio di Guida Ambientale.\n\n \n\nLe biciclette e gli accessori verranno riconsegnati alla stazione ferroviaria di Ronta.\n\nTRENO: Ronta \u2013 Firenze <\/h1>\t\t<\/div>\n\t\t\t\t<\/div>\n\t\t\t\t<div class=\"elementor-element elementor-element-2041bc44 elementor-widget elementor-widget-image\" data-id=\"2041bc44\" data-element_type=\"widget\" data-widget_type=\"image.default\">\n\t\t\t\t<div class=\"elementor-widget-container\">\n\t\t\t\t\t\t\t\t\t\t\t\t\t\t\t<img loading=\"lazy\" decoding=\"async\" width=\"700\" height=\"420\" src=\"http:\/\/mugellove.it\/test\/wp-content\/uploads\/2021\/08\/Cycling-countryside.jpg\" class=\"attachment-large size-large\" alt=\"\" \/>\t\t\t\t\t\t\t\t\t\t\t\t\t\t\t<\/div>\n\t\t\t\t<\/div>\n\t\t\t\t<div class=\"elementor-element elementor-element-2e66840 elementor-widget elementor-widget-google_maps\" data-id=\"2e66840\" data-element_type=\"widget\" data-widget_type=\"google_maps.default\">\n\t\t\t\t<div class=\"elementor-widget-container\">\n\t\t\t\t\t<div class=\"elementor-custom-embed\">\n\t\t\t<iframe frameborder=\"0\" scrolling=\"no\" marginheight=\"0\" marginwidth=\"0\"\n\t\t\t\t\tsrc=\"https:\/\/maps.google.com\/maps?q=vicchio&#038;t=m&#038;z=10&#038;output=embed&#038;iwloc=near\"\n\t\t\t\t\ttitle=\"vicchio\"\n\t\t\t\t\taria-label=\"vicchio\"\n\t\t\t><\/iframe>\n\t\t<\/div>\n\t\t\t\t<\/div>\n\t\t\t\t<\/div>\n\t\t\t\t\t<\/div>\n\t\t<\/div>\n\t\t\t\t\t\t\t<\/div>\n\t\t<\/section>\n\t\t\t\t\t<\/div>\n\t\t<\/div>\n\t\t\t\t\t\t\t<\/div>\n\t\t<\/section>\n\t\t\t\t\t\t<\/div>\n\t\t\t\t\t<\/div>\n\t\t","protected":false},"excerpt":{"rendered":"<p>treno&nbsp;+&nbsp;bici Dal centro citt\u00e0 alla montagna, in un viaggio eco-friendly, prima il treno poi la bici ci accompagnano lungo il percorso. Il treno ci permette di uscire dal centro citt\u00e0 in modo ecologico e sicuro, superando il traffico cittadino, cos\u00ec si raggiunge la campagna toscana senza percorrere strade pericolose per i ciclisti. Mugellove mette a [&hellip;]<\/p>\n","protected":false},"author":1,"featured_media":0,"parent":0,"menu_order":0,"comment_status":"closed","ping_status":"closed","template":"","meta":{"footnotes":""},"class_list":["post-51","page","type-page","status-publish","hentry"],"_links":{"self":[{"href":"http:\/\/mugellove.it\/test\/wp-json\/wp\/v2\/pages\/51","targetHints":{"allow":["GET"]}}],"collection":[{"href":"http:\/\/mugellove.it\/test\/wp-json\/wp\/v2\/pages"}],"about":[{"href":"http:\/\/mugellove.it\/test\/wp-json\/wp\/v2\/types\/page"}],"author":[{"embeddable":true,"href":"http:\/\/mugellove.it\/test\/wp-json\/wp\/v2\/users\/1"}],"replies":[{"embeddable":true,"href":"http:\/\/mugellove.it\/test\/wp-json\/wp\/v2\/comments?post=51"}],"version-history":[{"count":7,"href":"http:\/\/mugellove.it\/test\/wp-json\/wp\/v2\/pages\/51\/revisions"}],"predecessor-version":[{"id":352,"href":"http:\/\/mugellove.it\/test\/wp-json\/wp\/v2\/pages\/51\/revisions\/352"}],"wp:attachment":[{"href":"http:\/\/mugellove.it\/test\/wp-json\/wp\/v2\/media?parent=51"}],"curies":[{"name":"wp","href":"https:\/\/api.w.org\/{rel}","templated":true}]}}